{"id":52,"date":"2018-01-22T22:07:37","date_gmt":"2018-01-22T22:07:37","guid":{"rendered":"http:\/\/127.0.0.1\/?page_id=5"},"modified":"2021-11-30T19:10:32","modified_gmt":"2021-11-30T18:10:32","slug":"about","status":"publish","type":"page","link":"https:\/\/www.aimeetrode.fr\/index.php\/about\/","title":{"rendered":"A Propos"},"content":{"rendered":"\t\t<div data-elementor-type=\"wp-page\" data-elementor-id=\"52\" class=\"elementor elementor-52\">\n\t\t\t\t\t\t<section class=\"elementor-section elementor-top-section elementor-element elementor-element-6a3185ad elementor-section-boxed elementor-section-height-default elementor-section-height-default\" data-id=\"6a3185ad\" data-element_type=\"section\">\n\t\t\t\t\t\t<div class=\"elementor-container elementor-column-gap-default\">\n\t\t\t\t\t<div class=\"elementor-column elementor-col-100 elementor-top-column elementor-element elementor-element-197010a4\" data-id=\"197010a4\" data-element_type=\"column\">\n\t\t\t<div class=\"elementor-widget-wrap elementor-element-populated\">\n\t\t\t\t\t\t<div class=\"elementor-element elementor-element-550e5813 elementor-widget elementor-widget-text-editor\" data-id=\"550e5813\" data-element_type=\"widget\" data-widget_type=\"text-editor.default\">\n\t\t\t\t<div class=\"elementor-widget-container\">\n\t\t\t\t\t\t\t\t\t<p><span style=\"color: #ffffff;\">Aime et R\u00f4de, une compagnie enthousiaste souhaitant promouvoir les arts vivants !<\/span><\/p><p><span style=\"color: #ffffff;\">Nous avons deux axes de travail: la cr\u00e9ation et diffusion de spectacles chor\u00e9graphiques et l&rsquo;animation d&rsquo;ateliers corporels. <\/span><\/p><p><span style=\"color: #ffffff;\">Nous souhaitons d\u00e9velopper plus d&rsquo;activit\u00e9s! Des ateliers de d\u00e9couverte artistique aux enfants, des activit\u00e9s vari\u00e9es (danse, musique, th\u00e9\u00e2tre par exemple).<\/span><\/p><p><span style=\"color: #ffffff;\">Nous sommes en partenariat avec la compagnie Troupadeux de Yerres (91) avec laquelle nous d\u00e9veloppons de nouvelles pistes de recherches en mati\u00e8re de spectacles pluridiscipinaires. <\/span><\/p><p><span style=\"color: #ffffff;\">Nous restons joignables et ouverts\u00a0 !<\/span><\/p><div>\u00a0<\/div><div>\u00a0<\/div>\t\t\t\t\t\t\t\t<\/div>\n\t\t\t\t<\/div>\n\t\t\t\t\t<\/div>\n\t\t<\/div>\n\t\t\t\t\t<\/div>\n\t\t<\/section>\n\t\t\t\t<\/div>\n\t\t","protected":false},"excerpt":{"rendered":"<p>Aime et R\u00f4de, une compagnie enthousiaste souhaitant promouvoir les arts vivants ! Nous avons deux axes de travail: la cr\u00e9ation et diffusion de spectacles chor\u00e9graphiques et l&rsquo;animation d&rsquo;ateliers corporels. Nous souhaitons d\u00e9velopper plus d&rsquo;activit\u00e9s! Des ateliers de d\u00e9couverte artistique aux enfants, des activit\u00e9s vari\u00e9es (danse, musique, th\u00e9\u00e2tre par exemple). Nous sommes en partenariat avec la &hellip; <\/p>\n<p class=\"link-more\"><a href=\"https:\/\/www.aimeetrode.fr\/index.php\/about\/\" class=\"more-link\">Continuer la lecture<span class=\"screen-reader-text\"> de &laquo;&nbsp;A Propos&nbsp;&raquo;<\/span><\/a><\/p>\n","protected":false},"author":1,"featured_media":0,"parent":0,"menu_order":0,"comment_status":"closed","ping_status":"closed","template":"","meta":{"footnotes":""},"class_list":["post-52","page","type-page","status-publish","hentry"],"yoast_head":"<!-- This site is optimized with the Yoast SEO plugin v25.8 - https:\/\/yoast.com\/wordpress\/plugins\/seo\/ -->\n<title>A Propos - Aime Et R\u00f4de<\/title>\n<meta name=\"robots\" content=\"index, follow, max-snippet:-1, max-image-preview:large, max-video-preview:-1\" \/>\n<link rel=\"canonical\" href=\"https:\/\/www.aimeetrode.fr\/index.php\/about\/\" \/>\n<meta property=\"og:locale\" content=\"fr_FR\" \/>\n<meta property=\"og:type\" content=\"article\" \/>\n<meta property=\"og:title\" content=\"A Propos - Aime Et R\u00f4de\" \/>\n<meta property=\"og:description\" content=\"Aime et R\u00f4de, une compagnie enthousiaste souhaitant promouvoir les arts vivants ! Nous avons deux axes de travail: la cr\u00e9ation et diffusion de spectacles chor\u00e9graphiques et l&rsquo;animation d&rsquo;ateliers corporels. Nous souhaitons d\u00e9velopper plus d&rsquo;activit\u00e9s! Des ateliers de d\u00e9couverte artistique aux enfants, des activit\u00e9s vari\u00e9es (danse, musique, th\u00e9\u00e2tre par exemple). Nous sommes en partenariat avec la &hellip; Continuer la lecture de &laquo;&nbsp;A Propos&nbsp;&raquo;\" \/>\n<meta property=\"og:url\" content=\"https:\/\/www.aimeetrode.fr\/index.php\/about\/\" \/>\n<meta property=\"og:site_name\" content=\"Aime Et R\u00f4de\" \/>\n<meta property=\"article:publisher\" content=\"https:\/\/www.facebook.com\/assohttps%3a\/\/www.facebook.com\/associationaimeetrode?hc_ref=ARSY8s6_UQcMhDxasdR08bxpuldoxpAcLTeHu6w3I75sxhMGqY3Gl_Yx5jTgxNHjpcoo&amp;amp%3bamp%3bpnref=story\" \/>\n<meta property=\"article:modified_time\" content=\"2021-11-30T18:10:32+00:00\" \/>\n<meta name=\"twitter:card\" content=\"summary_large_image\" \/>\n<meta name=\"twitter:label1\" content=\"Dur\u00e9e de lecture estim\u00e9e\" \/>\n\t<meta name=\"twitter:data1\" content=\"1 minute\" \/>\n<script type=\"application\/ld+json\" class=\"yoast-schema-graph\">{\"@context\":\"https:\/\/schema.org\",\"@graph\":[{\"@type\":\"WebPage\",\"@id\":\"https:\/\/www.aimeetrode.fr\/index.php\/about\/\",\"url\":\"https:\/\/www.aimeetrode.fr\/index.php\/about\/\",\"name\":\"A Propos - Aime Et R\u00f4de\",\"isPartOf\":{\"@id\":\"https:\/\/www.aimeetrode.fr\/#website\"},\"datePublished\":\"2018-01-22T22:07:37+00:00\",\"dateModified\":\"2021-11-30T18:10:32+00:00\",\"breadcrumb\":{\"@id\":\"https:\/\/www.aimeetrode.fr\/index.php\/about\/#breadcrumb\"},\"inLanguage\":\"fr-FR\",\"potentialAction\":[{\"@type\":\"ReadAction\",\"target\":[\"https:\/\/www.aimeetrode.fr\/index.php\/about\/\"]}]},{\"@type\":\"BreadcrumbList\",\"@id\":\"https:\/\/www.aimeetrode.fr\/index.php\/about\/#breadcrumb\",\"itemListElement\":[{\"@type\":\"ListItem\",\"position\":1,\"name\":\"Accueil\",\"item\":\"https:\/\/www.aimeetrode.fr\/\"},{\"@type\":\"ListItem\",\"position\":2,\"name\":\"A Propos\"}]},{\"@type\":\"WebSite\",\"@id\":\"https:\/\/www.aimeetrode.fr\/#website\",\"url\":\"https:\/\/www.aimeetrode.fr\/\",\"name\":\"Aime Et R\u00f4de\",\"description\":\"Le corps en mouvement\",\"publisher\":{\"@id\":\"https:\/\/www.aimeetrode.fr\/#organization\"},\"potentialAction\":[{\"@type\":\"SearchAction\",\"target\":{\"@type\":\"EntryPoint\",\"urlTemplate\":\"https:\/\/www.aimeetrode.fr\/?s={search_term_string}\"},\"query-input\":{\"@type\":\"PropertyValueSpecification\",\"valueRequired\":true,\"valueName\":\"search_term_string\"}}],\"inLanguage\":\"fr-FR\"},{\"@type\":\"Organization\",\"@id\":\"https:\/\/www.aimeetrode.fr\/#organization\",\"name\":\"Aime et rode\",\"url\":\"https:\/\/www.aimeetrode.fr\/\",\"logo\":{\"@type\":\"ImageObject\",\"inLanguage\":\"fr-FR\",\"@id\":\"https:\/\/www.aimeetrode.fr\/#\/schema\/logo\/image\/\",\"url\":\"https:\/\/www.aimeetrode.fr\/wp-content\/uploads\/2018\/03\/logo_aime_et_rode_transparent_rapide.png\",\"contentUrl\":\"https:\/\/www.aimeetrode.fr\/wp-content\/uploads\/2018\/03\/logo_aime_et_rode_transparent_rapide.png\",\"width\":1152,\"height\":648,\"caption\":\"Aime et rode\"},\"image\":{\"@id\":\"https:\/\/www.aimeetrode.fr\/#\/schema\/logo\/image\/\"},\"sameAs\":[\"https:\/\/www.facebook.com\/assohttps:\/\/www.facebook.com\/associationaimeetrode?hc_ref=ARSY8s6_UQcMhDxasdR08bxpuldoxpAcLTeHu6w3I75sxhMGqY3Gl_Yx5jTgxNHjpcoo&amp;amp;pnref=story\",\"https:\/\/www.youtube.com\/channel\/UCg5isYs2CxHAVPp3XjmOIdw\"]}]}<\/script>\n<!-- \/ Yoast SEO plugin. -->","yoast_head_json":{"title":"A Propos - Aime Et R\u00f4de","robots":{"index":"index","follow":"follow","max-snippet":"max-snippet:-1","max-image-preview":"max-image-preview:large","max-video-preview":"max-video-preview:-1"},"canonical":"https:\/\/www.aimeetrode.fr\/index.php\/about\/","og_locale":"fr_FR","og_type":"article","og_title":"A Propos - Aime Et R\u00f4de","og_description":"Aime et R\u00f4de, une compagnie enthousiaste souhaitant promouvoir les arts vivants ! Nous avons deux axes de travail: la cr\u00e9ation et diffusion de spectacles chor\u00e9graphiques et l&rsquo;animation d&rsquo;ateliers corporels. Nous souhaitons d\u00e9velopper plus d&rsquo;activit\u00e9s! Des ateliers de d\u00e9couverte artistique aux enfants, des activit\u00e9s vari\u00e9es (danse, musique, th\u00e9\u00e2tre par exemple). Nous sommes en partenariat avec la &hellip; Continuer la lecture de &laquo;&nbsp;A Propos&nbsp;&raquo;","og_url":"https:\/\/www.aimeetrode.fr\/index.php\/about\/","og_site_name":"Aime Et R\u00f4de","article_publisher":"https:\/\/www.facebook.com\/assohttps%3a\/\/www.facebook.com\/associationaimeetrode?hc_ref=ARSY8s6_UQcMhDxasdR08bxpuldoxpAcLTeHu6w3I75sxhMGqY3Gl_Yx5jTgxNHjpcoo&amp%3bamp%3bpnref=story","article_modified_time":"2021-11-30T18:10:32+00:00","twitter_card":"summary_large_image","twitter_misc":{"Dur\u00e9e de lecture estim\u00e9e":"1 minute"},"schema":{"@context":"https:\/\/schema.org","@graph":[{"@type":"WebPage","@id":"https:\/\/www.aimeetrode.fr\/index.php\/about\/","url":"https:\/\/www.aimeetrode.fr\/index.php\/about\/","name":"A Propos - Aime Et R\u00f4de","isPartOf":{"@id":"https:\/\/www.aimeetrode.fr\/#website"},"datePublished":"2018-01-22T22:07:37+00:00","dateModified":"2021-11-30T18:10:32+00:00","breadcrumb":{"@id":"https:\/\/www.aimeetrode.fr\/index.php\/about\/#breadcrumb"},"inLanguage":"fr-FR","potentialAction":[{"@type":"ReadAction","target":["https:\/\/www.aimeetrode.fr\/index.php\/about\/"]}]},{"@type":"BreadcrumbList","@id":"https:\/\/www.aimeetrode.fr\/index.php\/about\/#breadcrumb","itemListElement":[{"@type":"ListItem","position":1,"name":"Accueil","item":"https:\/\/www.aimeetrode.fr\/"},{"@type":"ListItem","position":2,"name":"A Propos"}]},{"@type":"WebSite","@id":"https:\/\/www.aimeetrode.fr\/#website","url":"https:\/\/www.aimeetrode.fr\/","name":"Aime Et R\u00f4de","description":"Le corps en mouvement","publisher":{"@id":"https:\/\/www.aimeetrode.fr\/#organization"},"potentialAction":[{"@type":"SearchAction","target":{"@type":"EntryPoint","urlTemplate":"https:\/\/www.aimeetrode.fr\/?s={search_term_string}"},"query-input":{"@type":"PropertyValueSpecification","valueRequired":true,"valueName":"search_term_string"}}],"inLanguage":"fr-FR"},{"@type":"Organization","@id":"https:\/\/www.aimeetrode.fr\/#organization","name":"Aime et rode","url":"https:\/\/www.aimeetrode.fr\/","logo":{"@type":"ImageObject","inLanguage":"fr-FR","@id":"https:\/\/www.aimeetrode.fr\/#\/schema\/logo\/image\/","url":"https:\/\/www.aimeetrode.fr\/wp-content\/uploads\/2018\/03\/logo_aime_et_rode_transparent_rapide.png","contentUrl":"https:\/\/www.aimeetrode.fr\/wp-content\/uploads\/2018\/03\/logo_aime_et_rode_transparent_rapide.png","width":1152,"height":648,"caption":"Aime et rode"},"image":{"@id":"https:\/\/www.aimeetrode.fr\/#\/schema\/logo\/image\/"},"sameAs":["https:\/\/www.facebook.com\/assohttps:\/\/www.facebook.com\/associationaimeetrode?hc_ref=ARSY8s6_UQcMhDxasdR08bxpuldoxpAcLTeHu6w3I75sxhMGqY3Gl_Yx5jTgxNHjpcoo&amp;amp;pnref=story","https:\/\/www.youtube.com\/channel\/UCg5isYs2CxHAVPp3XjmOIdw"]}]}},"_links":{"self":[{"href":"https:\/\/www.aimeetrode.fr\/index.php\/wp-json\/wp\/v2\/pages\/52","targetHints":{"allow":["GET"]}}],"collection":[{"href":"https:\/\/www.aimeetrode.fr\/index.php\/wp-json\/wp\/v2\/pages"}],"about":[{"href":"https:\/\/www.aimeetrode.fr\/index.php\/wp-json\/wp\/v2\/types\/page"}],"author":[{"embeddable":true,"href":"https:\/\/www.aimeetrode.fr\/index.php\/wp-json\/wp\/v2\/users\/1"}],"replies":[{"embeddable":true,"href":"https:\/\/www.aimeetrode.fr\/index.php\/wp-json\/wp\/v2\/comments?post=52"}],"version-history":[{"count":11,"href":"https:\/\/www.aimeetrode.fr\/index.php\/wp-json\/wp\/v2\/pages\/52\/revisions"}],"predecessor-version":[{"id":454,"href":"https:\/\/www.aimeetrode.fr\/index.php\/wp-json\/wp\/v2\/pages\/52\/revisions\/454"}],"wp:attachment":[{"href":"https:\/\/www.aimeetrode.fr\/index.php\/wp-json\/wp\/v2\/media?parent=52"}],"curies":[{"name":"wp","href":"https:\/\/api.w.org\/{rel}","templated":true}]}}